{"id":30,"date":"2024-02-14T10:09:57","date_gmt":"2024-02-14T13:09:57","guid":{"rendered":"https:\/\/associacaosara.com.br\/?page_id=30"},"modified":"2025-08-20T15:28:13","modified_gmt":"2025-08-20T18:28:13","slug":"como-ajudar","status":"publish","type":"page","link":"https:\/\/associacaosara.com.br\/?page_id=30","title":{"rendered":"Como ajudar?"},"content":{"rendered":"\n<p><strong><u>Seja um Padrinho<\/u><\/strong><\/p>\n\n\n\n<p>&#8211; Voc\u00ea tem a op\u00e7\u00e3o de firmar esse compromisso conosco apadrinhando uma crian\u00e7a.<\/p>\n\n\n\n<p><strong><u>Doe Atrav\u00e9s do Carn\u00ea<\/u><\/strong>&nbsp;&nbsp;&nbsp;&nbsp;&nbsp;&nbsp;&nbsp;&nbsp;&nbsp;&nbsp;&nbsp;&nbsp;&nbsp;&nbsp;&nbsp;&nbsp;&nbsp;&nbsp;&nbsp;&nbsp;&nbsp;&nbsp;&nbsp;&nbsp;&nbsp;&nbsp;&nbsp;&nbsp;&nbsp;&nbsp;&nbsp;&nbsp;&nbsp;&nbsp;&nbsp;&nbsp;&nbsp;&nbsp;&nbsp;&nbsp;&nbsp;&nbsp;&nbsp;<\/p>\n\n\n\n<p>&#8211; Nosso mensageiro ir\u00e1 at\u00e9 voc\u00ea recolher o valor destinado a nossa Institui\u00e7\u00e3o.<\/p>\n\n\n\n<p><strong><u>Doa\u00e7\u00e3o pela conta do SAAE<\/u><\/strong><\/p>\n\n\n\n<p>&#8211; Todos os meses ser\u00e1 debitado em sua conta de \u00e1gua e repassado a nossa institui\u00e7\u00e3o um valor autorizado por voc\u00ea.<\/p>\n\n\n\n<p><strong><u>Doa\u00e7\u00e3o pelo FIA<\/u><\/strong><\/p>\n\n\n\n<p>&#8211; Destine at\u00e9 3% do seu imposto de renda ao fundo da inf\u00e2ncia e da adolesc\u00eancia e indique nossa institui\u00e7\u00e3o para receber esse recurso. Fale com seu contador.<\/p>\n\n\n\n<p><\/p>\n\n\n\n<p>Para maiores informa\u00e7\u00f5es entre em contato pelos telefones:<\/p>\n\n\n\n<p>37 3261-6305 \/ 37 98851-0568<\/p>\n\n\n\n<figure class=\"wp-block-gallery has-nested-images columns-default is-cropped wp-block-gallery-1 is-layout-flex wp-block-gallery-is-layout-flex\">\n<figure class=\"wp-block-image size-large\"><img loading=\"lazy\" decoding=\"async\" width=\"1024\" height=\"696\" data-id=\"515\" src=\"https:\/\/associacaosara.com.br\/wp-content\/uploads\/2025\/08\/Logo-1-1024x696.jpg\" alt=\"\" class=\"wp-image-515\" srcset=\"https:\/\/associacaosara.com.br\/wp-content\/uploads\/2025\/08\/Logo-1-1024x696.jpg 1024w, https:\/\/associacaosara.com.br\/wp-content\/uploads\/2025\/08\/Logo-1-300x204.jpg 300w, https:\/\/associacaosara.com.br\/wp-content\/uploads\/2025\/08\/Logo-1-768x522.jpg 768w, https:\/\/associacaosara.com.br\/wp-content\/uploads\/2025\/08\/Logo-1.jpg 1302w\" sizes=\"(max-width: 1024px) 100vw, 1024px\" \/><\/figure>\n<\/figure>\n","protected":false},"excerpt":{"rendered":"<p>Seja um Padrinho &#8211; Voc\u00ea tem a op\u00e7\u00e3o de firmar esse compromisso conosco apadrinhando uma crian\u00e7a. Doe Atrav\u00e9s do Carn\u00ea&nbsp;&nbsp;&nbsp;&nbsp;&nbsp;&nbsp;&nbsp;&nbsp;&nbsp;&nbsp;&nbsp;&nbsp;&nbsp;&nbsp;&nbsp;&nbsp;&nbsp;&nbsp;&nbsp;&nbsp;&nbsp;&nbsp;&nbsp;&nbsp;&nbsp;&nbsp;&nbsp;&nbsp;&nbsp;&nbsp;&nbsp;&nbsp;&nbsp;&nbsp;&nbsp;&nbsp;&nbsp;&nbsp;&nbsp;&nbsp;&nbsp;&nbsp;&nbsp; &#8211; Nosso mensageiro ir\u00e1 at\u00e9 voc\u00ea recolher o valor destinado a nossa Institui\u00e7\u00e3o. Doa\u00e7\u00e3o pela conta do SAAE &#8211; Todos os meses ser\u00e1 debitado em sua conta de \u00e1gua e repassado a nossa institui\u00e7\u00e3o um [&hellip;]<\/p>\n","protected":false},"author":1,"featured_media":515,"parent":0,"menu_order":0,"comment_status":"closed","ping_status":"closed","template":"","meta":{"om_disable_all_campaigns":false,"_monsterinsights_skip_tracking":false,"_monsterinsights_sitenote_active":false,"_monsterinsights_sitenote_note":"","_monsterinsights_sitenote_category":0,"footnotes":""},"aioseo_notices":[],"_links":{"self":[{"href":"https:\/\/associacaosara.com.br\/index.php?rest_route=\/wp\/v2\/pages\/30"}],"collection":[{"href":"https:\/\/associacaosara.com.br\/index.php?rest_route=\/wp\/v2\/pages"}],"about":[{"href":"https:\/\/associacaosara.com.br\/index.php?rest_route=\/wp\/v2\/types\/page"}],"author":[{"embeddable":true,"href":"https:\/\/associacaosara.com.br\/index.php?rest_route=\/wp\/v2\/users\/1"}],"replies":[{"embeddable":true,"href":"https:\/\/associacaosara.com.br\/index.php?rest_route=%2Fwp%2Fv2%2Fcomments&post=30"}],"version-history":[{"count":3,"href":"https:\/\/associacaosara.com.br\/index.php?rest_route=\/wp\/v2\/pages\/30\/revisions"}],"predecessor-version":[{"id":518,"href":"https:\/\/associacaosara.com.br\/index.php?rest_route=\/wp\/v2\/pages\/30\/revisions\/518"}],"wp:featuredmedia":[{"embeddable":true,"href":"https:\/\/associacaosara.com.br\/index.php?rest_route=\/wp\/v2\/media\/515"}],"wp:attachment":[{"href":"https:\/\/associacaosara.com.br\/index.php?rest_route=%2Fwp%2Fv2%2Fmedia&parent=30"}],"curies":[{"name":"wp","href":"https:\/\/api.w.org\/{rel}","templated":true}]}}